{"id":1003,"date":"2025-02-11T13:45:27","date_gmt":"2025-02-11T12:45:27","guid":{"rendered":"https:\/\/incia-prod.onlinecreation.pro\/imagys\/"},"modified":"2025-02-14T17:29:06","modified_gmt":"2025-02-14T16:29:06","slug":"imagys","status":"publish","type":"page","link":"https:\/\/incia.u-bordeaux.fr\/fr\/quest-ce-que-lincia\/plateaux-techniques\/imagys\/","title":{"rendered":"Imagys"},"content":{"rendered":"\n<figure class=\"wp-block-image size-large\"><img loading=\"lazy\" decoding=\"async\" width=\"1024\" height=\"279\" src=\"https:\/\/incia-prod.onlinecreation.pro\/wp-content\/uploads\/sites\/3\/2025\/02\/image1-1024x279.png\" alt=\"\" class=\"wp-image-1064\" srcset=\"https:\/\/incia.u-bordeaux.fr\/wp-content\/uploads\/sites\/3\/2025\/02\/image1-1024x279.png 1024w, https:\/\/incia.u-bordeaux.fr\/wp-content\/uploads\/sites\/3\/2025\/02\/image1-300x82.png 300w, https:\/\/incia.u-bordeaux.fr\/wp-content\/uploads\/sites\/3\/2025\/02\/image1-768x209.png 768w, https:\/\/incia.u-bordeaux.fr\/wp-content\/uploads\/sites\/3\/2025\/02\/image1.png 1380w\" sizes=\"auto, (max-width: 1024px) 100vw, 1024px\" \/><\/figure>\n\n<p><strong>Responsable du service technique : Gilles Courtand<\/strong><\/p>\n\n<p>Le centre d&rsquo;imagerie a pour objectif d&rsquo;aider les utilisateurs \u00e0 r\u00e9pondre \u00e0 tous leurs besoins en mati\u00e8re d&rsquo;imagerie microscopique ou comportementale, depuis la conception d&rsquo;une id\u00e9e jusqu&rsquo;\u00e0 l&rsquo;analyse finale de l&rsquo;image et \u00e0 sa pr\u00e9sentation. Sous la responsabilit\u00e9 de Gilles Courtand, Imagys vous aide \u00e0 r\u00e9soudre vos probl\u00e8mes d&rsquo;analyse d&rsquo;images, quels qu&rsquo;ils soient.<\/p>\n\n<p>Nos offres sp\u00e9cifiques sont list\u00e9es ci-dessous :<\/p>\n\n<h3 class=\"wp-block-heading\">Microscopie<\/h3>\n\n<p>Imagys propose une vari\u00e9t\u00e9 de microscopes \u00e0 ses utilisateurs, qui sont tous disponibles pour une utilisation ind\u00e9pendante, ainsi que pour une utilisation assist\u00e9e limit\u00e9e. Il s&rsquo;agit notamment de microscopes ordinaires \u00e0 grand champ pour l&rsquo;imagerie \u00e0 fluorescence et \u00e0 fond clair, de microscopes \u00e0 balayage laser et de macroscopes. <\/p>\n\n<h3 class=\"wp-block-heading\">Analyse d&rsquo;images<\/h3>\n\n<p>Nous utilisons des m\u00e9thodes d&rsquo;analyse d&rsquo;images \u00e0 la pointe de la technologie pour \u00e9tudier et r\u00e9soudre des probl\u00e8mes de calcul d&rsquo;images en neurosciences fondamentales et appliqu\u00e9es, ainsi que pour concevoir des outils d&rsquo;analyse d&rsquo;images sp\u00e9cifiques \u00e0 un sujet.<\/p>\n\n<p>Nous fournissons un acc\u00e8s \u00e0 plusieurs logiciels d&rsquo;analyse d&rsquo;image (traitement d&rsquo;image classique, reconstruction 3D, apprentissage profond&#8230;), et \u00e0 des stations de travail d&rsquo;analyse d&rsquo;image qui sont optimis\u00e9es pour traiter de grandes quantit\u00e9s de donn\u00e9es d&rsquo;imagerie. Nous privil\u00e9gions l&rsquo;utilisation de logiciels libres (Fiji\/ImageJ, Icy, Cell Profiler, neuTube, Kinovea, MedInria, 3dSlicer, paraview, DeepLabCut) mais nous utilisons \u00e9galement des outils commerciaux (Neurolucida). Nous disposons actuellement de trois stations de travail \u00e9quip\u00e9es de plusieurs programmes d&rsquo;analyse d&rsquo;images.<br\/>Nous sommes disponibles pour former les utilisateurs \u00e0 l&rsquo;utilisation des progiciels, aider \u00e0 concevoir les protocoles d&rsquo;analyse les plus appropri\u00e9s, \u00e9crire des macros ou des plugins, ou d\u00e9velopper des logiciels propres pour une analyse sp\u00e9cifique (python).<br\/>Notre ing\u00e9nieur et notre programmeur peuvent concevoir une solution sur mesure pour r\u00e9pondre aux besoins des chercheurs individuels.  <\/p>\n\n<p>Nous fournissons des capacit\u00e9s de traitement en collaboration avec le M\u00e9socentre de Calcul Intensif Aquitain (MCIA) pour permettre des t\u00e2ches de calcul intensif.<\/p>\n\n<h3 class=\"wp-block-heading\">Formation et conseil<\/h3>\n\n<p>Notre programme de formation comprend des conf\u00e9rences didactiques, des ateliers d&rsquo;analyse d&rsquo;images, ainsi que la formation des utilisateurs individuellement ou en petits groupes. En outre, nous offrons une consultation gratuite pour la conception d&rsquo;exp\u00e9riences &#8211; y compris la suggestion du meilleur microscope pour des applications sp\u00e9cifiques, les colorants optimaux ou les filtres \u00e0 utiliser, nous pouvons vous conseiller sur les cam\u00e9ras, l&rsquo;\u00e9clairage sp\u00e9cifique, etc.<br\/>Nous proposons \u00e9galement des cours de formation et des services de conseil en d\u00e9veloppement de logiciels \u00e0 court terme.<\/p>\n","protected":false},"excerpt":{"rendered":"<p>Responsable du service technique : Gilles Courtand Le centre d&rsquo;imagerie a pour objectif d&rsquo;aider les utilisateurs \u00e0 r\u00e9pondre \u00e0 tous [&hellip;]<\/p>\n","protected":false},"author":1,"featured_media":0,"parent":647,"menu_order":0,"comment_status":"closed","ping_status":"closed","template":"","meta":{"footnotes":""},"class_list":["post-1003","page","type-page","status-publish","hentry"],"_links":{"self":[{"href":"https:\/\/incia.u-bordeaux.fr\/fr\/wp-json\/wp\/v2\/pages\/1003","targetHints":{"allow":["GET"]}}],"collection":[{"href":"https:\/\/incia.u-bordeaux.fr\/fr\/wp-json\/wp\/v2\/pages"}],"about":[{"href":"https:\/\/incia.u-bordeaux.fr\/fr\/wp-json\/wp\/v2\/types\/page"}],"author":[{"embeddable":true,"href":"https:\/\/incia.u-bordeaux.fr\/fr\/wp-json\/wp\/v2\/users\/1"}],"replies":[{"embeddable":true,"href":"https:\/\/incia.u-bordeaux.fr\/fr\/wp-json\/wp\/v2\/comments?post=1003"}],"version-history":[{"count":7,"href":"https:\/\/incia.u-bordeaux.fr\/fr\/wp-json\/wp\/v2\/pages\/1003\/revisions"}],"predecessor-version":[{"id":1069,"href":"https:\/\/incia.u-bordeaux.fr\/fr\/wp-json\/wp\/v2\/pages\/1003\/revisions\/1069"}],"up":[{"embeddable":true,"href":"https:\/\/incia.u-bordeaux.fr\/fr\/wp-json\/wp\/v2\/pages\/647"}],"wp:attachment":[{"href":"https:\/\/incia.u-bordeaux.fr\/fr\/wp-json\/wp\/v2\/media?parent=1003"}],"curies":[{"name":"wp","href":"https:\/\/api.w.org\/{rel}","templated":true}]}}