{"id":1051,"date":"2025-02-13T23:18:01","date_gmt":"2025-02-13T22:18:01","guid":{"rendered":"https:\/\/incia-prod.onlinecreation.pro\/plateformes\/pam\/"},"modified":"2025-07-16T10:13:46","modified_gmt":"2025-07-16T08:13:46","slug":"pam","status":"publish","type":"page","link":"https:\/\/incia.u-bordeaux.fr\/fr\/plateformes\/pam\/","title":{"rendered":"PAM"},"content":{"rendered":"<div class=\"wp-block-image\">\n<figure class=\"alignright size-large is-resized\"><img loading=\"lazy\" decoding=\"async\" width=\"1024\" height=\"683\" src=\"https:\/\/incia-prod.onlinecreation.pro\/wp-content\/uploads\/sites\/3\/2024\/12\/PAM-INCIA-CNES-parabolique-IMG_9973-cNovespace--1024x683.jpg\" alt=\"\" class=\"wp-image-897\" style=\"width:435px;height:auto\" srcset=\"https:\/\/incia.u-bordeaux.fr\/wp-content\/uploads\/sites\/3\/2024\/12\/PAM-INCIA-CNES-parabolique-IMG_9973-cNovespace--1024x683.jpg 1024w, https:\/\/incia.u-bordeaux.fr\/wp-content\/uploads\/sites\/3\/2024\/12\/PAM-INCIA-CNES-parabolique-IMG_9973-cNovespace--300x200.jpg 300w, https:\/\/incia.u-bordeaux.fr\/wp-content\/uploads\/sites\/3\/2024\/12\/PAM-INCIA-CNES-parabolique-IMG_9973-cNovespace--768x512.jpg 768w, https:\/\/incia.u-bordeaux.fr\/wp-content\/uploads\/sites\/3\/2024\/12\/PAM-INCIA-CNES-parabolique-IMG_9973-cNovespace--1536x1024.jpg 1536w, https:\/\/incia.u-bordeaux.fr\/wp-content\/uploads\/sites\/3\/2024\/12\/PAM-INCIA-CNES-parabolique-IMG_9973-cNovespace-.jpg 1800w\" sizes=\"auto, (max-width: 1024px) 100vw, 1024px\" \/><\/figure><\/div>\n\n\n<p>La PAM est&nbsp;<strong>une plateforme d\u00e9di\u00e9e \u00e0 l\u2019analyse de la motricit\u00e9 chez l\u2019homme<\/strong>. Elle est engag\u00e9e dans des projets de&nbsp;<strong>recherche fondamentale, clinique et industrielle<\/strong>&nbsp;dans des&nbsp;domaines vari\u00e9s : neurosciences, biom\u00e9canique, sciences du sport et ergonomie, mais aussi neurologie, psychiatrie, physioth\u00e9rapie\u2026<\/p>\n\n\n\n<p>La PAM a \u00e9t\u00e9 cr\u00e9\u00e9e en 2005 au sein de l\u2019Institut de Neurosciences Cognitives et Int\u00e9gratives d\u2019Aquitaine&nbsp;(CNRS UMR 5287) \u00e0 Bordeaux.<\/p>\n\n\n\n<p>L\u2019objectif est de fournir aux chercheurs et cliniciens des&nbsp;<strong>mesures non-invasives de toute sortie comportementale motrice<\/strong>&nbsp;par des techniques de cin\u00e9matique, dynamique, oculom\u00e9trie, ou encore \u00e9lectro-physiologie. Elle offre&nbsp;<strong>un environnement contr\u00f4l\u00e9<\/strong>&nbsp;dans lequel les indices sensoriels des participants peuvent \u00eatre modifi\u00e9s.<\/p>\n\n\n\n<h2 class=\"wp-block-heading\">Site web<\/h2>\n\n\n\n<p><a href=\"https:\/\/pam.cnrs.fr\">https:\/\/pam.cnrs.fr<\/a><\/p>\n","protected":false},"excerpt":{"rendered":"<p>La PAM est&nbsp;une plateforme d\u00e9di\u00e9e \u00e0 l\u2019analyse de la motricit\u00e9 chez l\u2019homme. Elle est engag\u00e9e dans des projets de&nbsp;recherche fondamentale, [&hellip;]<\/p>\n","protected":false},"author":1,"featured_media":0,"parent":652,"menu_order":0,"comment_status":"closed","ping_status":"closed","template":"","meta":{"footnotes":""},"class_list":["post-1051","page","type-page","status-publish","hentry"],"_links":{"self":[{"href":"https:\/\/incia.u-bordeaux.fr\/fr\/wp-json\/wp\/v2\/pages\/1051","targetHints":{"allow":["GET"]}}],"collection":[{"href":"https:\/\/incia.u-bordeaux.fr\/fr\/wp-json\/wp\/v2\/pages"}],"about":[{"href":"https:\/\/incia.u-bordeaux.fr\/fr\/wp-json\/wp\/v2\/types\/page"}],"author":[{"embeddable":true,"href":"https:\/\/incia.u-bordeaux.fr\/fr\/wp-json\/wp\/v2\/users\/1"}],"replies":[{"embeddable":true,"href":"https:\/\/incia.u-bordeaux.fr\/fr\/wp-json\/wp\/v2\/comments?post=1051"}],"version-history":[{"count":3,"href":"https:\/\/incia.u-bordeaux.fr\/fr\/wp-json\/wp\/v2\/pages\/1051\/revisions"}],"predecessor-version":[{"id":1396,"href":"https:\/\/incia.u-bordeaux.fr\/fr\/wp-json\/wp\/v2\/pages\/1051\/revisions\/1396"}],"up":[{"embeddable":true,"href":"https:\/\/incia.u-bordeaux.fr\/fr\/wp-json\/wp\/v2\/pages\/652"}],"wp:attachment":[{"href":"https:\/\/incia.u-bordeaux.fr\/fr\/wp-json\/wp\/v2\/media?parent=1051"}],"curies":[{"name":"wp","href":"https:\/\/api.w.org\/{rel}","templated":true}]}}