{"id":1377,"date":"2025-03-12T13:44:03","date_gmt":"2025-03-12T12:44:03","guid":{"rendered":"https:\/\/incia-prod.onlinecreation.pro\/?page_id=1377"},"modified":"2025-07-16T12:02:36","modified_gmt":"2025-07-16T10:02:36","slug":"histology","status":"publish","type":"page","link":"https:\/\/incia.u-bordeaux.fr\/fr\/quest-ce-que-lincia\/plateaux-techniques\/histology\/","title":{"rendered":"Histologie"},"content":{"rendered":"\n<p><strong>Responsable de plateforme :<\/strong> Ang\u00e9lique Faug\u00e8re \u2013 05.57.57.95.06<br><strong>Localisation :<\/strong> B\u00e2timent BBS, 2e \u00e9tage \u2013 Salles S2099 &amp; S2103<\/p>\n\n\n<div class=\"wp-block-image is-style-default\">\n<figure class=\"alignleft size-large is-resized\"><img loading=\"lazy\" decoding=\"async\" width=\"1024\" height=\"576\" src=\"https:\/\/incia-prod.onlinecreation.pro\/wp-content\/uploads\/sites\/3\/2025\/07\/IMG_20250704_105912708_HDR-1024x576.jpg\" alt=\"\" class=\"wp-image-1259\" style=\"width:444px;height:auto\" srcset=\"https:\/\/incia.u-bordeaux.fr\/wp-content\/uploads\/sites\/3\/2025\/07\/IMG_20250704_105912708_HDR-1024x576.jpg 1024w, https:\/\/incia.u-bordeaux.fr\/wp-content\/uploads\/sites\/3\/2025\/07\/IMG_20250704_105912708_HDR-300x169.jpg 300w, https:\/\/incia.u-bordeaux.fr\/wp-content\/uploads\/sites\/3\/2025\/07\/IMG_20250704_105912708_HDR-768x432.jpg 768w, https:\/\/incia.u-bordeaux.fr\/wp-content\/uploads\/sites\/3\/2025\/07\/IMG_20250704_105912708_HDR-1536x864.jpg 1536w, https:\/\/incia.u-bordeaux.fr\/wp-content\/uploads\/sites\/3\/2025\/07\/IMG_20250704_105912708_HDR-2048x1152.jpg 2048w\" sizes=\"auto, (max-width: 1024px) 100vw, 1024px\" \/><\/figure><\/div>\n\n\n<p>La plateforme d\u2019histologie met \u00e0 disposition des outils complets et des espaces d\u00e9di\u00e9s \u00e0 la pr\u00e9paration et \u00e0 l\u2019analyse de tissus c\u00e9r\u00e9braux. \u00c9quip\u00e9e d\u2019instruments de pointe, dont trois cryostats, un microtome de cong\u00e9lation et deux vibratomes, elle permet de r\u00e9pondre \u00e0 une large vari\u00e9t\u00e9 de besoins exp\u00e9rimentaux.<\/p>\n\n\n\n<p>Con\u00e7ue pour prendre en charge des protocoles histologiques standards comme avanc\u00e9s, la plateforme permet la r\u00e9alisation de contr\u00f4les qualit\u00e9 histologiques, d\u2019immunohistochimie en lumi\u00e8re visible et en fluorescence, ainsi que de techniques de clarification des tissus.<\/p>\n\n\n\n<figure class=\"wp-block-image size-large\"><img loading=\"lazy\" decoding=\"async\" width=\"1024\" height=\"288\" src=\"https:\/\/incia-prod.onlinecreation.pro\/wp-content\/uploads\/sites\/3\/2025\/07\/Montage2-1024x288.png\" alt=\"\" class=\"wp-image-1267\" srcset=\"https:\/\/incia.u-bordeaux.fr\/wp-content\/uploads\/sites\/3\/2025\/07\/Montage2-1024x288.png 1024w, https:\/\/incia.u-bordeaux.fr\/wp-content\/uploads\/sites\/3\/2025\/07\/Montage2-300x84.png 300w, https:\/\/incia.u-bordeaux.fr\/wp-content\/uploads\/sites\/3\/2025\/07\/Montage2-768x216.png 768w, https:\/\/incia.u-bordeaux.fr\/wp-content\/uploads\/sites\/3\/2025\/07\/Montage2-1536x432.png 1536w, https:\/\/incia.u-bordeaux.fr\/wp-content\/uploads\/sites\/3\/2025\/07\/Montage2.png 1949w\" sizes=\"auto, (max-width: 1024px) 100vw, 1024px\" \/><\/figure>\n\n\n\n<figure class=\"wp-block-image size-large\"><img loading=\"lazy\" decoding=\"async\" width=\"1024\" height=\"576\" src=\"https:\/\/incia-prod.onlinecreation.pro\/wp-content\/uploads\/sites\/3\/2025\/07\/IMG_20250704_105900128-1024x576.jpg\" alt=\"\" class=\"wp-image-1263\" srcset=\"https:\/\/incia.u-bordeaux.fr\/wp-content\/uploads\/sites\/3\/2025\/07\/IMG_20250704_105900128-1024x576.jpg 1024w, https:\/\/incia.u-bordeaux.fr\/wp-content\/uploads\/sites\/3\/2025\/07\/IMG_20250704_105900128-300x169.jpg 300w, https:\/\/incia.u-bordeaux.fr\/wp-content\/uploads\/sites\/3\/2025\/07\/IMG_20250704_105900128-768x432.jpg 768w, https:\/\/incia.u-bordeaux.fr\/wp-content\/uploads\/sites\/3\/2025\/07\/IMG_20250704_105900128-1536x864.jpg 1536w, https:\/\/incia.u-bordeaux.fr\/wp-content\/uploads\/sites\/3\/2025\/07\/IMG_20250704_105900128-2048x1152.jpg 2048w\" sizes=\"auto, (max-width: 1024px) 100vw, 1024px\" \/><\/figure>\n","protected":false},"excerpt":{"rendered":"<p>Responsable de plateforme : Ang\u00e9lique Faug\u00e8re \u2013 05.57.57.95.06Localisation : B\u00e2timent BBS, 2e \u00e9tage \u2013 Salles S2099 &amp; S2103 La plateforme [&hellip;]<\/p>\n","protected":false},"author":2,"featured_media":0,"parent":647,"menu_order":0,"comment_status":"closed","ping_status":"closed","template":"","meta":{"footnotes":""},"class_list":["post-1377","page","type-page","status-publish","hentry"],"_links":{"self":[{"href":"https:\/\/incia.u-bordeaux.fr\/fr\/wp-json\/wp\/v2\/pages\/1377","targetHints":{"allow":["GET"]}}],"collection":[{"href":"https:\/\/incia.u-bordeaux.fr\/fr\/wp-json\/wp\/v2\/pages"}],"about":[{"href":"https:\/\/incia.u-bordeaux.fr\/fr\/wp-json\/wp\/v2\/types\/page"}],"author":[{"embeddable":true,"href":"https:\/\/incia.u-bordeaux.fr\/fr\/wp-json\/wp\/v2\/users\/2"}],"replies":[{"embeddable":true,"href":"https:\/\/incia.u-bordeaux.fr\/fr\/wp-json\/wp\/v2\/comments?post=1377"}],"version-history":[{"count":10,"href":"https:\/\/incia.u-bordeaux.fr\/fr\/wp-json\/wp\/v2\/pages\/1377\/revisions"}],"predecessor-version":[{"id":1427,"href":"https:\/\/incia.u-bordeaux.fr\/fr\/wp-json\/wp\/v2\/pages\/1377\/revisions\/1427"}],"up":[{"embeddable":true,"href":"https:\/\/incia.u-bordeaux.fr\/fr\/wp-json\/wp\/v2\/pages\/647"}],"wp:attachment":[{"href":"https:\/\/incia.u-bordeaux.fr\/fr\/wp-json\/wp\/v2\/media?parent=1377"}],"curies":[{"name":"wp","href":"https:\/\/api.w.org\/{rel}","templated":true}]}}