{"id":150,"date":"2024-06-06T15:21:34","date_gmt":"2024-06-06T13:21:34","guid":{"rendered":"https:\/\/incia.onlinecreation.fr\/mentions-legales\/"},"modified":"2024-06-07T15:06:05","modified_gmt":"2024-06-07T13:06:05","slug":"mentions-legales","status":"publish","type":"page","link":"https:\/\/incia.u-bordeaux.fr\/fr\/mentions-legales\/","title":{"rendered":"Mentions l\u00e9gales"},"content":{"rendered":"\n<h3 class=\"wp-block-heading\">\u00c9diteur du site<\/h3>\n\n<p>Le site du Neurocampus de Bordeaux est \u00e9dit\u00e9 par :<\/p>\n\n<ul class=\"wp-block-list\">\n<li><strong>Corporate Name<\/strong>: Universit\u00e9 de Bordeaux<\/li>\n\n\n\n<li><strong>Forme juridique<\/strong> : \u00c9tablissement public national \u00e0 caract\u00e8re scientifique, culturel et professionnel<\/li>\n\n\n\n<li><strong>SIRET:<\/strong> 130 018 351 00010<\/li>\n\n\n\n<li><strong>Adresse:<\/strong> Centre Broca, 146 rue L\u00e9o-Saignat, 33076 Bordeaux Cedex, France<\/li>\n\n\n\n<li><strong>Num\u00e9ro de t\u00e9l\u00e9phone:<\/strong> +33 (0)5 57 57 10 10<\/li>\n\n\n\n<li><strong>Adresse \u00e9lectronique :<\/strong> buni@bordeaux-neurocampus.fr<\/li>\n<\/ul>\n\n<h3 class=\"wp-block-heading\">Directeur de publication<\/h3>\n\n<ul class=\"wp-block-list\">\n<li><strong>Nom<\/strong> : Lorem Ipsum<\/li>\n<\/ul>\n\n<h3 class=\"wp-block-heading\">Directeur de la r\u00e9daction<\/h3>\n\n<ul class=\"wp-block-list\">\n<li><strong>Nom<\/strong> : Dolor Sit<\/li>\n<\/ul>\n\n<h3 class=\"wp-block-heading\">Responsable du site<\/h3>\n\n<ul class=\"wp-block-list\">\n<li><strong>Nom<\/strong> : Amet Consectetur<\/li>\n<\/ul>\n\n<h3 class=\"wp-block-heading\">D\u00e9veloppement de sites web<\/h3>\n\n<ul class=\"wp-block-list\">\n<li><strong>Entreprise<\/strong> : OnlineCreation<\/li>\n\n\n\n<li><strong>Site web<\/strong> : <a href=\"https:\/\/onlinecreation.pro\" target=\"_blank\" rel=\"noreferrer noopener\">https:\/\/onlinecreation.pro<\/a><\/li>\n<\/ul>\n\n<h3 class=\"wp-block-heading\">H\u00e9bergement<\/h3>\n\n<p>Le site est h\u00e9berg\u00e9 par :<\/p>\n\n<ul class=\"wp-block-list\">\n<li><strong>H\u00e9bergeur<\/strong> : OVH<\/li>\n\n\n\n<li><strong>Address<\/strong>: 2 rue Kellermann, 59100 Roubaix, France<\/li>\n\n\n\n<li><strong>Site web<\/strong> : <a href=\"https:\/\/www.ovh.com\" target=\"_blank\" rel=\"noreferrer noopener\">https:\/\/www.ovh.com <\/a><\/li>\n<\/ul>\n\n<h3 class=\"wp-block-heading\">Propri\u00e9t\u00e9 intellectuelle<\/h3>\n\n<p>Le contenu de ce site (textes, images, vid\u00e9os, etc.) est prot\u00e9g\u00e9 par la loi fran\u00e7aise sur la propri\u00e9t\u00e9 intellectuelle et le droit d&rsquo;auteur. Toute reproduction, repr\u00e9sentation, modification, publication, adaptation de tout ou partie des \u00e9l\u00e9ments du site, quel que soit le moyen ou le proc\u00e9d\u00e9 utilis\u00e9, est interdite, sauf autorisation \u00e9crite pr\u00e9alable de l&rsquo;Universit\u00e9 de Bordeaux.<\/p>\n\n<h3 class=\"wp-block-heading\">Limitation de la responsabilit\u00e9<\/h3>\n\n<p>L&rsquo;Universit\u00e9 de Bordeaux s&rsquo;efforce de fournir sur ce site des informations aussi pr\u00e9cises que possible. Toutefois, elle ne peut \u00eatre tenue pour responsable des omissions, des inexactitudes et des carences dans la mise \u00e0 jour, qu&rsquo;elles soient de son fait ou du fait des tiers partenaires qui lui fournissent ces informations. Le site peut contenir des liens hypertextes vers d&rsquo;autres sites. L&rsquo;Universit\u00e9 de Bordeaux n&rsquo;exerce aucun contr\u00f4le sur ces sites et d\u00e9cline toute responsabilit\u00e9 quant au contenu accessible par ces liens.<\/p>\n","protected":false},"excerpt":{"rendered":"<p>\u00c9diteur du site Le site du Neurocampus de Bordeaux est \u00e9dit\u00e9 par : Directeur de publication Directeur de la r\u00e9daction [&hellip;]<\/p>\n","protected":false},"author":1,"featured_media":0,"parent":0,"menu_order":0,"comment_status":"closed","ping_status":"closed","template":"","meta":{"footnotes":""},"class_list":["post-150","page","type-page","status-publish","hentry"],"_links":{"self":[{"href":"https:\/\/incia.u-bordeaux.fr\/fr\/wp-json\/wp\/v2\/pages\/150","targetHints":{"allow":["GET"]}}],"collection":[{"href":"https:\/\/incia.u-bordeaux.fr\/fr\/wp-json\/wp\/v2\/pages"}],"about":[{"href":"https:\/\/incia.u-bordeaux.fr\/fr\/wp-json\/wp\/v2\/types\/page"}],"author":[{"embeddable":true,"href":"https:\/\/incia.u-bordeaux.fr\/fr\/wp-json\/wp\/v2\/users\/1"}],"replies":[{"embeddable":true,"href":"https:\/\/incia.u-bordeaux.fr\/fr\/wp-json\/wp\/v2\/comments?post=150"}],"version-history":[{"count":1,"href":"https:\/\/incia.u-bordeaux.fr\/fr\/wp-json\/wp\/v2\/pages\/150\/revisions"}],"predecessor-version":[{"id":151,"href":"https:\/\/incia.u-bordeaux.fr\/fr\/wp-json\/wp\/v2\/pages\/150\/revisions\/151"}],"wp:attachment":[{"href":"https:\/\/incia.u-bordeaux.fr\/fr\/wp-json\/wp\/v2\/media?parent=150"}],"curies":[{"name":"wp","href":"https:\/\/api.w.org\/{rel}","templated":true}]}}