{"id":160,"date":"2024-06-06T17:41:20","date_gmt":"2024-06-06T15:41:20","guid":{"rendered":"https:\/\/incia.onlinecreation.fr\/quest-ce-que-lincia\/"},"modified":"2024-11-15T16:39:52","modified_gmt":"2024-11-15T15:39:52","slug":"quest-ce-que-lincia","status":"publish","type":"page","link":"https:\/\/incia.u-bordeaux.fr\/fr\/quest-ce-que-lincia\/","title":{"rendered":"Institut"},"content":{"rendered":"\n<p>L&rsquo;Institut de Neurosciences Cognitives et Int\u00e9gratives d&rsquo;Aquitaine (INCIA) regroupe des chercheurs sp\u00e9cialis\u00e9s dans les neurosciences cognitives et int\u00e9gratives.<\/p>\n\n<div class=\"wp-block-columns is-layout-flex wp-container-core-columns-is-layout-1 wp-block-columns-is-layout-flex\">\n<div class=\"wp-block-column is-layout-flow wp-block-column-is-layout-flow\" style=\"flex-basis:66.66%\">\n<h2 class=\"wp-block-heading\">Notre Institut<\/h2>\n\n\n\n<p>Notre institut, qui compte pr\u00e8s de 60 chercheurs et membres du corps enseignant, couvre divers domaines de recherche, notamment<\/p>\n\n\n\n<ul class=\"wp-block-list\">\n<li>Neuropsychologie cognitive<\/li>\n\n\n\n<li>Neurosciences<\/li>\n\n\n\n<li>Psychophysique<\/li>\n\n\n\n<li>Science informatique<\/li>\n<\/ul>\n<\/div>\n\n\n\n<div class=\"wp-block-column is-layout-flow wp-block-column-is-layout-flow\" style=\"flex-basis:33.33%\">\n<figure class=\"wp-block-image size-full\"><img loading=\"lazy\" decoding=\"async\" width=\"976\" height=\"607\" src=\"https:\/\/incia-prod.onlinecreation.pro\/wp-content\/uploads\/sites\/3\/2024\/06\/undraw_Scientist_ft0o.png\" alt=\"\" class=\"wp-image-95\" srcset=\"https:\/\/incia.u-bordeaux.fr\/wp-content\/uploads\/sites\/3\/2024\/06\/undraw_Scientist_ft0o.png 976w, https:\/\/incia.u-bordeaux.fr\/wp-content\/uploads\/sites\/3\/2024\/06\/undraw_Scientist_ft0o-300x187.png 300w, https:\/\/incia.u-bordeaux.fr\/wp-content\/uploads\/sites\/3\/2024\/06\/undraw_Scientist_ft0o-768x478.png 768w\" sizes=\"auto, (max-width: 976px) 100vw, 976px\" \/><\/figure>\n<\/div>\n<\/div>\n\n<div class=\"wp-block-columns is-layout-flex wp-container-core-columns-is-layout-2 wp-block-columns-is-layout-flex\">\n<div class=\"wp-block-column is-layout-flow wp-block-column-is-layout-flow\" style=\"flex-basis:33.33%\">\n<figure class=\"wp-block-image size-large\"><img loading=\"lazy\" decoding=\"async\" width=\"1024\" height=\"690\" src=\"https:\/\/incia-prod.onlinecreation.pro\/wp-content\/uploads\/sites\/3\/2024\/06\/undraw_medical_research_qg4d-1024x690.png\" alt=\"\" class=\"wp-image-97\" srcset=\"https:\/\/incia.u-bordeaux.fr\/wp-content\/uploads\/sites\/3\/2024\/06\/undraw_medical_research_qg4d-1024x690.png 1024w, https:\/\/incia.u-bordeaux.fr\/wp-content\/uploads\/sites\/3\/2024\/06\/undraw_medical_research_qg4d-300x202.png 300w, https:\/\/incia.u-bordeaux.fr\/wp-content\/uploads\/sites\/3\/2024\/06\/undraw_medical_research_qg4d-768x518.png 768w, https:\/\/incia.u-bordeaux.fr\/wp-content\/uploads\/sites\/3\/2024\/06\/undraw_medical_research_qg4d.png 1095w\" sizes=\"auto, (max-width: 1024px) 100vw, 1024px\" \/><\/figure>\n<\/div>\n\n\n\n<div class=\"wp-block-column is-layout-flow wp-block-column-is-layout-flow\" style=\"flex-basis:66.66%\">\n<h2 class=\"wp-block-heading\">Th\u00e8mes de recherche<\/h2>\n\n\n\n<p>Les th\u00e8mes de recherche de l&rsquo;INCIA vont des propri\u00e9t\u00e9s des cellules et des circuits au comportement et \u00e0 la cognition dans un large \u00e9ventail de mod\u00e8les, de l&rsquo;invert\u00e9br\u00e9 \u00e0 l&rsquo;homme. Cette perspective \u00e0 plusieurs niveaux n\u00e9cessite des approches au carrefour des neurosciences et d&rsquo;autres disciplines, notamment :<\/p>\n\n\n\n<ul class=\"wp-block-list\">\n<li>Biologie mol\u00e9culaire<\/li>\n\n\n\n<li>Biophysique et biom\u00e9canique<\/li>\n\n\n\n<li>Psychologie exp\u00e9rimentale<\/li>\n\n\n\n<li>Neuro\u00e9conomie<\/li>\n\n\n\n<li>Ing\u00e9nierie<\/li>\n<\/ul>\n<\/div>\n<\/div>\n\n<div class=\"wp-block-columns is-layout-flex wp-container-core-columns-is-layout-3 wp-block-columns-is-layout-flex\">\n<div class=\"wp-block-column is-layout-flow wp-block-column-is-layout-flow\" style=\"flex-basis:66.66%\">\n<h2 class=\"wp-block-heading\">Th\u00e8mes scientifiques fondamentaux<\/h2>\n\n\n\n<p>Notre institut aborde des th\u00e8mes scientifiques fondamentaux tels que<\/p>\n\n\n\n<ul class=\"wp-block-list\">\n<li>Fonctionnement du r\u00e9seau neuronal sous-jacent au comportement moteur adaptatif<\/li>\n\n\n\n<li>Addiction<\/li>\n\n\n\n<li>Fonctions ex\u00e9cutives<\/li>\n\n\n\n<li>Motivation, \u00e9motion et m\u00e9moire<\/li>\n\n\n\n<li>Perception et attention<\/li>\n\n\n\n<li>D\u00e9ficits cognitifs et handicap<\/li>\n<\/ul>\n<\/div>\n\n\n\n<div class=\"wp-block-column is-layout-flow wp-block-column-is-layout-flow\" style=\"flex-basis:33.33%\">\n<figure class=\"wp-block-image size-full\"><img loading=\"lazy\" decoding=\"async\" width=\"991\" height=\"751\" src=\"https:\/\/incia-prod.onlinecreation.pro\/wp-content\/uploads\/sites\/3\/2024\/06\/undraw_Alien_science_re_0f8q.png\" alt=\"\" class=\"wp-image-99\" style=\"aspect-ratio:1;object-fit:cover\" srcset=\"https:\/\/incia.u-bordeaux.fr\/wp-content\/uploads\/sites\/3\/2024\/06\/undraw_Alien_science_re_0f8q.png 991w, https:\/\/incia.u-bordeaux.fr\/wp-content\/uploads\/sites\/3\/2024\/06\/undraw_Alien_science_re_0f8q-300x227.png 300w, https:\/\/incia.u-bordeaux.fr\/wp-content\/uploads\/sites\/3\/2024\/06\/undraw_Alien_science_re_0f8q-768x582.png 768w\" sizes=\"auto, (max-width: 991px) 100vw, 991px\" \/><\/figure>\n<\/div>\n<\/div>\n","protected":false},"excerpt":{"rendered":"<p>L&rsquo;Institut de Neurosciences Cognitives et Int\u00e9gratives d&rsquo;Aquitaine (INCIA) regroupe des chercheurs sp\u00e9cialis\u00e9s dans les neurosciences cognitives et int\u00e9gratives. Notre Institut [&hellip;]<\/p>\n","protected":false},"author":1,"featured_media":0,"parent":0,"menu_order":0,"comment_status":"closed","ping_status":"closed","template":"","meta":{"footnotes":""},"class_list":["post-160","page","type-page","status-publish","hentry"],"_links":{"self":[{"href":"https:\/\/incia.u-bordeaux.fr\/fr\/wp-json\/wp\/v2\/pages\/160","targetHints":{"allow":["GET"]}}],"collection":[{"href":"https:\/\/incia.u-bordeaux.fr\/fr\/wp-json\/wp\/v2\/pages"}],"about":[{"href":"https:\/\/incia.u-bordeaux.fr\/fr\/wp-json\/wp\/v2\/types\/page"}],"author":[{"embeddable":true,"href":"https:\/\/incia.u-bordeaux.fr\/fr\/wp-json\/wp\/v2\/users\/1"}],"replies":[{"embeddable":true,"href":"https:\/\/incia.u-bordeaux.fr\/fr\/wp-json\/wp\/v2\/comments?post=160"}],"version-history":[{"count":2,"href":"https:\/\/incia.u-bordeaux.fr\/fr\/wp-json\/wp\/v2\/pages\/160\/revisions"}],"predecessor-version":[{"id":642,"href":"https:\/\/incia.u-bordeaux.fr\/fr\/wp-json\/wp\/v2\/pages\/160\/revisions\/642"}],"wp:attachment":[{"href":"https:\/\/incia.u-bordeaux.fr\/fr\/wp-json\/wp\/v2\/media?parent=160"}],"curies":[{"name":"wp","href":"https:\/\/api.w.org\/{rel}","templated":true}]}}