{"id":643,"date":"2024-11-15T16:17:13","date_gmt":"2024-11-15T15:17:13","guid":{"rendered":"https:\/\/incia.onlinecreation.fr\/quest-ce-que-lincia\/comites\/"},"modified":"2025-07-16T15:38:02","modified_gmt":"2025-07-16T13:38:02","slug":"comites","status":"publish","type":"page","link":"https:\/\/incia.u-bordeaux.fr\/fr\/quest-ce-que-lincia\/comites\/","title":{"rendered":"Comit\u00e9s"},"content":{"rendered":"\n<p><strong>Qualit\u00e9 de Vie au Travail (QVT) :<\/strong><\/p>\n\n\n\n<ul class=\"wp-block-list\">\n<li>Sylvie Berthoz (cellule m\u00e9diation)<\/li>\n\n\n\n<li>William Cazenave<\/li>\n\n\n\n<li>Ang\u00e9lique Faug\u00e8re<\/li>\n\n\n\n<li>Etienne Guillaud<\/li>\n\n\n\n<li>Val\u00e9rie Lemaire<\/li>\n\n\n\n<li>Elodie Poinama<\/li>\n\n\n\n<li>Caroline Vouillac-Mendoza (cellule m\u00e9diation)<\/li>\n<\/ul>\n\n\n\n<p><strong>Hygi\u00e8ne et s\u00e9curit\u00e9 :<\/strong><\/p>\n\n\n\n<ul class=\"wp-block-list\">\n<li>Anne-Emilie Alain<\/li>\n\n\n\n<li>Christelle Durand<\/li>\n\n\n\n<li>Ang\u00e9lique Faug\u00e8re<\/li>\n\n\n\n<li>Thierry Lafon<\/li>\n\n\n\n<li>Elodie Poinama<\/li>\n\n\n\n<li>Caroline Vouillac-Mendoza<\/li>\n<\/ul>\n\n\n\n<p><strong>Parit\u00e9 :<\/strong><\/p>\n\n\n\n<ul class=\"wp-block-list\">\n<li>Catherine Lemoine<\/li>\n\n\n\n<li>Shauna Parks<\/li>\n<\/ul>\n\n\n\n<p><strong>D\u00e9veloppement durable :<\/strong><\/p>\n\n\n\n<ul class=\"wp-block-list\">\n<li>Alexandre Zenon<\/li>\n<\/ul>\n\n\n\n<p><strong>Correspondant formation :<\/strong><\/p>\n\n\n\n<ul class=\"wp-block-list\">\n<li>Nathalie Argenta<\/li>\n<\/ul>\n\n\n\n<p><strong>Communication :<\/strong><\/p>\n\n\n\n<ul class=\"wp-block-list\">\n<li>Didier Le Ray (correspondant communication)<\/li>\n\n\n\n<li>Aymar de Rugy<\/li>\n\n\n\n<li>Matthieu Wolff<\/li>\n<\/ul>\n\n\n\n<p><strong>Conseil de laboratoire :<\/strong><\/p>\n\n\n\n<ul class=\"wp-block-list\">\n<li>Nathalie Argenta<\/li>\n\n\n\n<li>Sandrine Bertrand<\/li>\n\n\n\n<li>Pascal Branchereau<\/li>\n\n\n\n<li>Marie Jeanne Cabirol<\/li>\n\n\n\n<li>Gwenaelle Catheline<\/li>\n\n\n\n<li>William Cazenave<\/li>\n\n\n\n<li>Antonny Czarnecki<\/li>\n\n\n\n<li>Philippe De Deurwaerdere<\/li>\n\n\n\n<li>Marie-Line Fournier<\/li>\n\n\n\n<li>Aymar de Rugy<\/li>\n\n\n\n<li>Etienne Guillaud<\/li>\n\n\n\n<li>Karine Guillem<\/li>\n\n\n\n<li>Jean Louis Guillou<\/li>\n\n\n\n<li>Laurent Juvin<\/li>\n\n\n\n<li>Catherine Le Moine<\/li>\n\n\n\n<li>Thomas Michelet<\/li>\n\n\n\n<li>Joachim Maz\u00e8re<\/li>\n\n\n\n<li>Muriel Thoby-Brisson<\/li>\n\n\n\n<li>Florence Pontais (invit\u00e9 permanent : repr\u00e9sentant \u00e9tudiant)<\/li>\n\n\n\n<li>Kevin Letort (invit\u00e9 permanent repr\u00e9sentant \u00e9tudiant)<\/li>\n<\/ul>\n\n\n\n<p><\/p>\n","protected":false},"excerpt":{"rendered":"<p>Qualit\u00e9 de Vie au Travail (QVT) : Hygi\u00e8ne et s\u00e9curit\u00e9 : Parit\u00e9 : D\u00e9veloppement durable : Correspondant formation : Communication [&hellip;]<\/p>\n","protected":false},"author":1,"featured_media":0,"parent":160,"menu_order":0,"comment_status":"closed","ping_status":"closed","template":"","meta":{"footnotes":""},"class_list":["post-643","page","type-page","status-publish","hentry"],"_links":{"self":[{"href":"https:\/\/incia.u-bordeaux.fr\/fr\/wp-json\/wp\/v2\/pages\/643","targetHints":{"allow":["GET"]}}],"collection":[{"href":"https:\/\/incia.u-bordeaux.fr\/fr\/wp-json\/wp\/v2\/pages"}],"about":[{"href":"https:\/\/incia.u-bordeaux.fr\/fr\/wp-json\/wp\/v2\/types\/page"}],"author":[{"embeddable":true,"href":"https:\/\/incia.u-bordeaux.fr\/fr\/wp-json\/wp\/v2\/users\/1"}],"replies":[{"embeddable":true,"href":"https:\/\/incia.u-bordeaux.fr\/fr\/wp-json\/wp\/v2\/comments?post=643"}],"version-history":[{"count":6,"href":"https:\/\/incia.u-bordeaux.fr\/fr\/wp-json\/wp\/v2\/pages\/643\/revisions"}],"predecessor-version":[{"id":1442,"href":"https:\/\/incia.u-bordeaux.fr\/fr\/wp-json\/wp\/v2\/pages\/643\/revisions\/1442"}],"up":[{"embeddable":true,"href":"https:\/\/incia.u-bordeaux.fr\/fr\/wp-json\/wp\/v2\/pages\/160"}],"wp:attachment":[{"href":"https:\/\/incia.u-bordeaux.fr\/fr\/wp-json\/wp\/v2\/media?parent=643"}],"curies":[{"name":"wp","href":"https:\/\/api.w.org\/{rel}","templated":true}]}}