{"id":645,"date":"2024-11-15T16:09:33","date_gmt":"2024-11-15T15:09:33","guid":{"rendered":"https:\/\/incia.onlinecreation.fr\/quest-ce-que-lincia\/direction\/"},"modified":"2025-07-05T12:48:37","modified_gmt":"2025-07-05T10:48:37","slug":"direction","status":"publish","type":"page","link":"https:\/\/incia.u-bordeaux.fr\/fr\/quest-ce-que-lincia\/direction\/","title":{"rendered":"Pr\u00e9sentation"},"content":{"rendered":"<div class=\"wp-block-image\">\n<figure class=\"alignright size-large is-resized\"><img loading=\"lazy\" decoding=\"async\" width=\"1024\" height=\"683\" src=\"https:\/\/incia-prod.onlinecreation.pro\/wp-content\/uploads\/sites\/3\/2025\/07\/incia-direction-bertrand-guillaud-1800px-1024x683.jpg\" alt=\"\" class=\"wp-image-1283\" style=\"width:405px;height:auto\" srcset=\"https:\/\/incia.u-bordeaux.fr\/wp-content\/uploads\/sites\/3\/2025\/07\/incia-direction-bertrand-guillaud-1800px-1024x683.jpg 1024w, https:\/\/incia.u-bordeaux.fr\/wp-content\/uploads\/sites\/3\/2025\/07\/incia-direction-bertrand-guillaud-1800px-300x200.jpg 300w, https:\/\/incia.u-bordeaux.fr\/wp-content\/uploads\/sites\/3\/2025\/07\/incia-direction-bertrand-guillaud-1800px-768x512.jpg 768w, https:\/\/incia.u-bordeaux.fr\/wp-content\/uploads\/sites\/3\/2025\/07\/incia-direction-bertrand-guillaud-1800px-1536x1024.jpg 1536w, https:\/\/incia.u-bordeaux.fr\/wp-content\/uploads\/sites\/3\/2025\/07\/incia-direction-bertrand-guillaud-1800px.jpg 1800w\" sizes=\"auto, (max-width: 1024px) 100vw, 1024px\" \/><\/figure><\/div>\n\n\n<p>L&rsquo;Institut de Neurosciences Cognitives et Int\u00e9gratives d&rsquo;Aquitaine (INCIA) rassemble des chercheurs sp\u00e9cialis\u00e9s dans les neurosciences cognitives et int\u00e9gratives.<\/p>\n\n\n\n<p>Notre institut, qui comprend pr\u00e8s de 60 chercheurs et membres du corps enseignant, couvre divers domaines de recherche, dont la neuropsychologie cognitive, les neurosciences, la psychophysique et les sciences computationnelles, afin d&rsquo;aborder des th\u00e8mes scientifiques fondamentaux tels que le fonctionnement des r\u00e9seaux neuronaux qui sous-tendent le comportement moteur adaptatif, l&rsquo;addiction, les fonctions ex\u00e9cutives, la motivation, l&rsquo;\u00e9motion et la m\u00e9moire, la perception et l&rsquo;attention, les d\u00e9ficits cognitifs et le handicap.<\/p>\n\n\n\n<p>Les th\u00e8mes de recherche de l&rsquo;INCIA vont des propri\u00e9t\u00e9s des cellules et des circuits au comportement et \u00e0 la cognition en couvrant un large \u00e9ventail de mod\u00e8les, de l&rsquo;invert\u00e9br\u00e9 \u00e0 l&rsquo;humain. Cette perspective \u00e0 plusieurs niveaux n\u00e9cessite des approches au carrefour des neurosciences et d&rsquo;autres disciplines, notamment la biologie mol\u00e9culaire, la biophysique et la biom\u00e9canique, la psychologie exp\u00e9rimentale, la neuro\u00e9conomie et l&rsquo;ing\u00e9nierie.<\/p>\n\n\n\n<p><strong>Sandrine Bertrand, DU de l\u2019INCIA<br>Etienne Guillaud, DU adjoint de l\u2019INCIA<\/strong><\/p>\n","protected":false},"excerpt":{"rendered":"<p>L&rsquo;Institut de Neurosciences Cognitives et Int\u00e9gratives d&rsquo;Aquitaine (INCIA) rassemble des chercheurs sp\u00e9cialis\u00e9s dans les neurosciences cognitives et int\u00e9gratives. Notre institut, [&hellip;]<\/p>\n","protected":false},"author":1,"featured_media":0,"parent":160,"menu_order":0,"comment_status":"closed","ping_status":"closed","template":"","meta":{"footnotes":""},"class_list":["post-645","page","type-page","status-publish","hentry"],"_links":{"self":[{"href":"https:\/\/incia.u-bordeaux.fr\/fr\/wp-json\/wp\/v2\/pages\/645","targetHints":{"allow":["GET"]}}],"collection":[{"href":"https:\/\/incia.u-bordeaux.fr\/fr\/wp-json\/wp\/v2\/pages"}],"about":[{"href":"https:\/\/incia.u-bordeaux.fr\/fr\/wp-json\/wp\/v2\/types\/page"}],"author":[{"embeddable":true,"href":"https:\/\/incia.u-bordeaux.fr\/fr\/wp-json\/wp\/v2\/users\/1"}],"replies":[{"embeddable":true,"href":"https:\/\/incia.u-bordeaux.fr\/fr\/wp-json\/wp\/v2\/comments?post=645"}],"version-history":[{"count":4,"href":"https:\/\/incia.u-bordeaux.fr\/fr\/wp-json\/wp\/v2\/pages\/645\/revisions"}],"predecessor-version":[{"id":1287,"href":"https:\/\/incia.u-bordeaux.fr\/fr\/wp-json\/wp\/v2\/pages\/645\/revisions\/1287"}],"up":[{"embeddable":true,"href":"https:\/\/incia.u-bordeaux.fr\/fr\/wp-json\/wp\/v2\/pages\/160"}],"wp:attachment":[{"href":"https:\/\/incia.u-bordeaux.fr\/fr\/wp-json\/wp\/v2\/media?parent=645"}],"curies":[{"name":"wp","href":"https:\/\/api.w.org\/{rel}","templated":true}]}}