{"id":689,"date":"2024-11-15T16:58:17","date_gmt":"2024-11-15T15:58:17","guid":{"rendered":"https:\/\/incia.onlinecreation.fr\/plateformes\/circe\/"},"modified":"2025-07-16T12:07:07","modified_gmt":"2025-07-16T10:07:07","slug":"circe","status":"publish","type":"page","link":"https:\/\/incia.u-bordeaux.fr\/fr\/plateformes\/circe\/","title":{"rendered":"CIRCE"},"content":{"rendered":"<div class=\"wp-block-image\">\n<figure class=\"alignright size-large is-resized\"><img loading=\"lazy\" decoding=\"async\" width=\"1024\" height=\"769\" src=\"https:\/\/incia-prod.onlinecreation.pro\/wp-content\/uploads\/sites\/3\/2025\/07\/Image1-1024x769.jpg\" alt=\"\" class=\"wp-image-1351\" style=\"width:419px;height:auto\" srcset=\"https:\/\/incia.u-bordeaux.fr\/wp-content\/uploads\/sites\/3\/2025\/07\/Image1-1024x769.jpg 1024w, https:\/\/incia.u-bordeaux.fr\/wp-content\/uploads\/sites\/3\/2025\/07\/Image1-300x225.jpg 300w, https:\/\/incia.u-bordeaux.fr\/wp-content\/uploads\/sites\/3\/2025\/07\/Image1-768x577.jpg 768w, https:\/\/incia.u-bordeaux.fr\/wp-content\/uploads\/sites\/3\/2025\/07\/Image1.jpg 1135w\" sizes=\"auto, (max-width: 1024px) 100vw, 1024px\" \/><\/figure><\/div>\n\n\n<p>Le<strong> Centre d\u2019Ing\u00e9nierie Comportementale (CIRCE) <\/strong>est une plateforme exp\u00e9rimentale de 1 400 m\u00b2 d\u00e9di\u00e9e \u00e0 l\u2019\u00e9tude du comportement animal. Il propose des espaces sp\u00e9cialis\u00e9s et des \u00e9quipements de pointe permettant une analyse fine et int\u00e9gr\u00e9e de l\u2019ensemble du spectre comportemental.<\/p>\n\n\n\n<p>CIRCE permet d\u2019explorer de mani\u00e8re syst\u00e9matique, chez la souris comme chez le rat, diverses fonctions comportementales : cognition (apprentissage, m\u00e9moire, prise de d\u00e9cision, attention), interactions sociales, r\u00e9ponses \u00e9motionnelles et capacit\u00e9s motrices. Ces investigations sont men\u00e9es aussi bien dans des conditions physiologiques que pathologiques, telles que les addictions (ou d\u2019autres troubles mentaux), les maladies neurod\u00e9g\u00e9n\u00e9ratives ou encore les troubles de l\u2019humeur.<\/p>\n\n\n\n<p>Les observations comportementales peuvent \u00eatre associ\u00e9es \u00e0 des mesures physiologiques <em>in vivo<\/em> de l\u2019activit\u00e9 c\u00e9r\u00e9brale (\u00e9lectrophysiologie, imagerie par photom\u00e9trie de fibre) ou \u00e0 des param\u00e8tres p\u00e9riph\u00e9riques (donn\u00e9es m\u00e9taboliques, rythmes cardiovasculaires). Il est \u00e9galement possible d\u2019y adjoindre des interventions cibl\u00e9es sur le cerveau.<\/p>\n\n\n<div class=\"wp-block-image\">\n<figure class=\"alignleft size-large is-resized\"><img loading=\"lazy\" decoding=\"async\" width=\"1024\" height=\"576\" src=\"https:\/\/incia-prod.onlinecreation.pro\/wp-content\/uploads\/sites\/3\/2025\/07\/WhatsApp-Image-2025-07-09-a-16.54.18_658587fd-1024x576.jpg\" alt=\"\" class=\"wp-image-1348\" style=\"width:457px;height:auto\" srcset=\"https:\/\/incia.u-bordeaux.fr\/wp-content\/uploads\/sites\/3\/2025\/07\/WhatsApp-Image-2025-07-09-a-16.54.18_658587fd-1024x576.jpg 1024w, https:\/\/incia.u-bordeaux.fr\/wp-content\/uploads\/sites\/3\/2025\/07\/WhatsApp-Image-2025-07-09-a-16.54.18_658587fd-300x169.jpg 300w, https:\/\/incia.u-bordeaux.fr\/wp-content\/uploads\/sites\/3\/2025\/07\/WhatsApp-Image-2025-07-09-a-16.54.18_658587fd-768x432.jpg 768w, https:\/\/incia.u-bordeaux.fr\/wp-content\/uploads\/sites\/3\/2025\/07\/WhatsApp-Image-2025-07-09-a-16.54.18_658587fd-1536x864.jpg 1536w, https:\/\/incia.u-bordeaux.fr\/wp-content\/uploads\/sites\/3\/2025\/07\/WhatsApp-Image-2025-07-09-a-16.54.18_658587fd.jpg 1600w\" sizes=\"auto, (max-width: 1024px) 100vw, 1024px\" \/><\/figure><\/div>\n\n\n<p><strong><strong>Direction scientifique<\/strong><\/strong> : Sandrine Bertrand (INCIA) and Lucile Capuron (NutriNeuro)<br><strong><strong>Direction op\u00e9rationnelle<\/strong> :<\/strong> Florence Darlot (INCIA) and Serge Alfos (NutriNeuro)<\/p>\n\n\n\n<p><\/p>\n","protected":false},"excerpt":{"rendered":"<p>Le Centre d\u2019Ing\u00e9nierie Comportementale (CIRCE) est une plateforme exp\u00e9rimentale de 1 400 m\u00b2 d\u00e9di\u00e9e \u00e0 l\u2019\u00e9tude du comportement animal. Il [&hellip;]<\/p>\n","protected":false},"author":1,"featured_media":0,"parent":652,"menu_order":0,"comment_status":"closed","ping_status":"closed","template":"","meta":{"footnotes":""},"class_list":["post-689","page","type-page","status-publish","hentry"],"_links":{"self":[{"href":"https:\/\/incia.u-bordeaux.fr\/fr\/wp-json\/wp\/v2\/pages\/689","targetHints":{"allow":["GET"]}}],"collection":[{"href":"https:\/\/incia.u-bordeaux.fr\/fr\/wp-json\/wp\/v2\/pages"}],"about":[{"href":"https:\/\/incia.u-bordeaux.fr\/fr\/wp-json\/wp\/v2\/types\/page"}],"author":[{"embeddable":true,"href":"https:\/\/incia.u-bordeaux.fr\/fr\/wp-json\/wp\/v2\/users\/1"}],"replies":[{"embeddable":true,"href":"https:\/\/incia.u-bordeaux.fr\/fr\/wp-json\/wp\/v2\/comments?post=689"}],"version-history":[{"count":3,"href":"https:\/\/incia.u-bordeaux.fr\/fr\/wp-json\/wp\/v2\/pages\/689\/revisions"}],"predecessor-version":[{"id":1432,"href":"https:\/\/incia.u-bordeaux.fr\/fr\/wp-json\/wp\/v2\/pages\/689\/revisions\/1432"}],"up":[{"embeddable":true,"href":"https:\/\/incia.u-bordeaux.fr\/fr\/wp-json\/wp\/v2\/pages\/652"}],"wp:attachment":[{"href":"https:\/\/incia.u-bordeaux.fr\/fr\/wp-json\/wp\/v2\/media?parent=689"}],"curies":[{"name":"wp","href":"https:\/\/api.w.org\/{rel}","templated":true}]}}