{"id":690,"date":"2024-11-15T17:03:45","date_gmt":"2024-11-15T16:03:45","guid":{"rendered":"https:\/\/incia.onlinecreation.fr\/plateformes\/neurochimie\/"},"modified":"2025-07-18T09:07:04","modified_gmt":"2025-07-18T07:07:04","slug":"neurochimie","status":"publish","type":"page","link":"https:\/\/incia.u-bordeaux.fr\/fr\/plateformes\/neurochimie\/","title":{"rendered":"Neurochimie"},"content":{"rendered":"\n<figure class=\"wp-block-image size-large\"><img loading=\"lazy\" decoding=\"async\" width=\"1024\" height=\"328\" src=\"https:\/\/incia-prod.onlinecreation.pro\/wp-content\/uploads\/sites\/3\/2025\/07\/Banniere_Neurochem_platform-1024x328.png\" alt=\"\" class=\"wp-image-1355\" srcset=\"https:\/\/incia.u-bordeaux.fr\/wp-content\/uploads\/sites\/3\/2025\/07\/Banniere_Neurochem_platform-1024x328.png 1024w, https:\/\/incia.u-bordeaux.fr\/wp-content\/uploads\/sites\/3\/2025\/07\/Banniere_Neurochem_platform-300x96.png 300w, https:\/\/incia.u-bordeaux.fr\/wp-content\/uploads\/sites\/3\/2025\/07\/Banniere_Neurochem_platform-768x246.png 768w, https:\/\/incia.u-bordeaux.fr\/wp-content\/uploads\/sites\/3\/2025\/07\/Banniere_Neurochem_platform-1536x491.png 1536w, https:\/\/incia.u-bordeaux.fr\/wp-content\/uploads\/sites\/3\/2025\/07\/Banniere_Neurochem_platform-2048x655.png 2048w\" sizes=\"auto, (max-width: 1024px) 100vw, 1024px\" \/><\/figure>\n\n\n\n<p>La plateforme <strong>Neurochimie<\/strong> r\u00e9alise en routine des dosages pour :<\/p>\n\n\n\n<ul class=\"wp-block-list\">\n<li>Les monoamines et leurs d\u00e9riv\u00e9s m\u00e9taboliques dans le syst\u00e8me nerveux des vert\u00e9br\u00e9s et des invert\u00e9br\u00e9s, ainsi que dans les fluides biologiques (sang, liquide c\u00e9phalo-rachidien)<\/li>\n\n\n\n<li>Les acides amin\u00e9s neurotransmetteurs (glutamate, GABA, aspartate, glycine, taurine, tryptophane, tyrosine)<\/li>\n<\/ul>\n\n\n\n<p>La plateforme peut \u00e9galement effectuer des analyses sp\u00e9cifiques (ex, octopamine, L-DOPA endog\u00e8ne\/exog\u00e8ne, 5-hydroxytryptophane, 3-O-m\u00e9thyl-L-DOPA, 3-m\u00e9thoxytyramine, etc.) et de d\u00e9velopper de nouvelles m\u00e9thodes analytiques (R&amp;D).<\/p>\n\n\n\n<figure class=\"wp-block-image size-full\"><img loading=\"lazy\" decoding=\"async\" width=\"510\" height=\"389\" src=\"https:\/\/incia-prod.onlinecreation.pro\/wp-content\/uploads\/sites\/3\/2025\/07\/1000014706-1.jpg\" alt=\"\" class=\"wp-image-1363\" srcset=\"https:\/\/incia.u-bordeaux.fr\/wp-content\/uploads\/sites\/3\/2025\/07\/1000014706-1.jpg 510w, https:\/\/incia.u-bordeaux.fr\/wp-content\/uploads\/sites\/3\/2025\/07\/1000014706-1-300x229.jpg 300w\" sizes=\"auto, (max-width: 510px) 100vw, 510px\" \/><\/figure>\n\n\n\n<p>La plateforme est \u00e9galement reconnue pour son expertise en <strong>microdialyse intrac\u00e9r\u00e9brale chez les rongeurs<\/strong> :<\/p>\n\n\n\n<ul class=\"wp-block-list\">\n<li>Mesure des taux extracellulaires de dopamine et de s\u00e9rotonine<\/li>\n\n\n\n<li>Mesure des taux extracellulaires de fer libre<\/li>\n\n\n\n<li>Mesure des taux extracellulaires de glutamate, d&rsquo;aspartate et de GABA<\/li>\n<\/ul>\n\n\n\n<p>La plateforme peut former les chercheurs \u00e0 l&rsquo;injection d&rsquo;\u00e9chantillons de tissus et \u00e0 leur analyse.<br>Les travaux men\u00e9s par la plateforme peuvent \u00eatre r\u00e9alis\u00e9s dans le cadre de projets de recherche avec des partenaires acad\u00e9miques de Bordeaux et d&rsquo;ailleurs, ainsi que dans le cadre de collaborations bas\u00e9es sur des services.<\/p>\n\n\n\n<p><strong>Directeurs Scientifiques:<\/strong>\u00a0Philippe de Deurwaerd\u00e8re (INCIA) and Sylvie Vancassel (NutriNeuro)<br><strong>Directeur Op\u00e9rationnel:<\/strong>\u00a0Philippe de Deurwaerd\u00e8re (INCIA)<\/p>\n","protected":false},"excerpt":{"rendered":"<p>La plateforme Neurochimie r\u00e9alise en routine des dosages pour : La plateforme peut \u00e9galement effectuer des analyses sp\u00e9cifiques (ex, octopamine, [&hellip;]<\/p>\n","protected":false},"author":1,"featured_media":0,"parent":652,"menu_order":0,"comment_status":"closed","ping_status":"closed","template":"","meta":{"footnotes":""},"class_list":["post-690","page","type-page","status-publish","hentry"],"_links":{"self":[{"href":"https:\/\/incia.u-bordeaux.fr\/fr\/wp-json\/wp\/v2\/pages\/690","targetHints":{"allow":["GET"]}}],"collection":[{"href":"https:\/\/incia.u-bordeaux.fr\/fr\/wp-json\/wp\/v2\/pages"}],"about":[{"href":"https:\/\/incia.u-bordeaux.fr\/fr\/wp-json\/wp\/v2\/types\/page"}],"author":[{"embeddable":true,"href":"https:\/\/incia.u-bordeaux.fr\/fr\/wp-json\/wp\/v2\/users\/1"}],"replies":[{"embeddable":true,"href":"https:\/\/incia.u-bordeaux.fr\/fr\/wp-json\/wp\/v2\/comments?post=690"}],"version-history":[{"count":2,"href":"https:\/\/incia.u-bordeaux.fr\/fr\/wp-json\/wp\/v2\/pages\/690\/revisions"}],"predecessor-version":[{"id":1449,"href":"https:\/\/incia.u-bordeaux.fr\/fr\/wp-json\/wp\/v2\/pages\/690\/revisions\/1449"}],"up":[{"embeddable":true,"href":"https:\/\/incia.u-bordeaux.fr\/fr\/wp-json\/wp\/v2\/pages\/652"}],"wp:attachment":[{"href":"https:\/\/incia.u-bordeaux.fr\/fr\/wp-json\/wp\/v2\/media?parent=690"}],"curies":[{"name":"wp","href":"https:\/\/api.w.org\/{rel}","templated":true}]}}