{"id":691,"date":"2024-11-15T17:03:16","date_gmt":"2024-11-15T16:03:16","guid":{"rendered":"https:\/\/incia.onlinecreation.fr\/plateformes\/phycell\/"},"modified":"2025-02-13T23:05:09","modified_gmt":"2025-02-13T22:05:09","slug":"phycell","status":"publish","type":"page","link":"https:\/\/incia.u-bordeaux.fr\/fr\/quest-ce-que-lincia\/plateaux-techniques\/phycell\/","title":{"rendered":"Phycell"},"content":{"rendered":"\n<figure class=\"wp-block-image size-large\"><img loading=\"lazy\" decoding=\"async\" width=\"1024\" height=\"318\" src=\"https:\/\/incia-prod.onlinecreation.pro\/wp-content\/uploads\/sites\/3\/2025\/02\/incia-phycell-1-1024x318.jpg\" alt=\"\" class=\"wp-image-987\" srcset=\"https:\/\/incia.u-bordeaux.fr\/wp-content\/uploads\/sites\/3\/2025\/02\/incia-phycell-1-1024x318.jpg 1024w, https:\/\/incia.u-bordeaux.fr\/wp-content\/uploads\/sites\/3\/2025\/02\/incia-phycell-1-300x93.jpg 300w, https:\/\/incia.u-bordeaux.fr\/wp-content\/uploads\/sites\/3\/2025\/02\/incia-phycell-1-768x238.jpg 768w, https:\/\/incia.u-bordeaux.fr\/wp-content\/uploads\/sites\/3\/2025\/02\/incia-phycell-1-1536x476.jpg 1536w, https:\/\/incia.u-bordeaux.fr\/wp-content\/uploads\/sites\/3\/2025\/02\/incia-phycell-1-2048x635.jpg 2048w\" sizes=\"auto, (max-width: 1024px) 100vw, 1024px\" \/><\/figure>\n\n<p><strong>Responsable scientifique : Sandrine Bertrand<\/strong><\/p>\n\n<p>L&rsquo;objectif du plateau PhyCell est de fournir une expertise scientifique et des \u00e9quipements pour r\u00e9pondre \u00e0 des questions n\u00e9cessitant des techniques \u00e9lectrophysiologiques in vitro ou in vivo.<\/p>\n\n<p>PhyCell est situ\u00e9e dans une salle d\u00e9di\u00e9e de 60 m\u00b2 au sein du tout nouveau b\u00e2timent Bordeaux Biologie Sant\u00e9 (BBS) de l&rsquo;Universit\u00e9 de Bordeaux. Elle comprend quatre postes exp\u00e9rimentaux enti\u00e8rement \u00e9quip\u00e9es pour les enregistrements intracellulaires et un pour les enregistrements in vivo sur rongeurs anesth\u00e9si\u00e9s.<\/p>\n\n<p>PhyCell offre un accompagnement complet, allant de la conception exp\u00e9rimentale \u00e0 la r\u00e9daction d&rsquo;articles, et participe activement \u00e0 la formation en \u00e9lectrophysiologie des \u00e9tudiants et postdoctorants. PhyCell a \u00e9t\u00e9 cr\u00e9\u00e9e initialement pour les chercheurs de l&rsquo;INCIA, mais ambitionne d&rsquo;attirer des chercheurs d&rsquo;autres laboratoires acad\u00e9miques ainsi que des professionnels issus des biotechnologies et de l&rsquo;industrie. C\u2019est actuellement le cas avec l\u2019h\u00e9bergement de l\u2019entreprise Ephyx Neuroscience.<\/p>\n\n<figure class=\"wp-block-gallery has-nested-images columns-default is-cropped wp-block-gallery-1 is-layout-flex wp-block-gallery-is-layout-flex\">\n<figure class=\"wp-block-image size-large\"><img loading=\"lazy\" decoding=\"async\" width=\"1024\" height=\"768\" data-id=\"985\" src=\"https:\/\/incia-prod.onlinecreation.pro\/wp-content\/uploads\/sites\/3\/2025\/02\/incia-phycell-Photo2-1024x768.jpg\" alt=\"\" class=\"wp-image-985\" srcset=\"https:\/\/incia.u-bordeaux.fr\/wp-content\/uploads\/sites\/3\/2025\/02\/incia-phycell-Photo2-1024x768.jpg 1024w, https:\/\/incia.u-bordeaux.fr\/wp-content\/uploads\/sites\/3\/2025\/02\/incia-phycell-Photo2-300x225.jpg 300w, https:\/\/incia.u-bordeaux.fr\/wp-content\/uploads\/sites\/3\/2025\/02\/incia-phycell-Photo2-768x576.jpg 768w, https:\/\/incia.u-bordeaux.fr\/wp-content\/uploads\/sites\/3\/2025\/02\/incia-phycell-Photo2-1536x1152.jpg 1536w, https:\/\/incia.u-bordeaux.fr\/wp-content\/uploads\/sites\/3\/2025\/02\/incia-phycell-Photo2.jpg 1800w\" sizes=\"auto, (max-width: 1024px) 100vw, 1024px\" \/><\/figure>\n\n\n\n<figure class=\"wp-block-image size-large\"><img loading=\"lazy\" decoding=\"async\" width=\"1024\" height=\"768\" data-id=\"983\" src=\"https:\/\/incia-prod.onlinecreation.pro\/wp-content\/uploads\/sites\/3\/2025\/02\/incia-phycell-Photo3-1024x768.jpg\" alt=\"\" class=\"wp-image-983\" srcset=\"https:\/\/incia.u-bordeaux.fr\/wp-content\/uploads\/sites\/3\/2025\/02\/incia-phycell-Photo3-1024x768.jpg 1024w, https:\/\/incia.u-bordeaux.fr\/wp-content\/uploads\/sites\/3\/2025\/02\/incia-phycell-Photo3-300x225.jpg 300w, https:\/\/incia.u-bordeaux.fr\/wp-content\/uploads\/sites\/3\/2025\/02\/incia-phycell-Photo3-768x576.jpg 768w, https:\/\/incia.u-bordeaux.fr\/wp-content\/uploads\/sites\/3\/2025\/02\/incia-phycell-Photo3-1536x1152.jpg 1536w, https:\/\/incia.u-bordeaux.fr\/wp-content\/uploads\/sites\/3\/2025\/02\/incia-phycell-Photo3.jpg 1800w\" sizes=\"auto, (max-width: 1024px) 100vw, 1024px\" \/><\/figure>\n<\/figure>\n","protected":false},"excerpt":{"rendered":"<p>Responsable scientifique : Sandrine Bertrand L&rsquo;objectif du plateau PhyCell est de fournir une expertise scientifique et des \u00e9quipements pour r\u00e9pondre [&hellip;]<\/p>\n","protected":false},"author":1,"featured_media":0,"parent":647,"menu_order":0,"comment_status":"closed","ping_status":"closed","template":"","meta":{"footnotes":""},"class_list":["post-691","page","type-page","status-publish","hentry"],"_links":{"self":[{"href":"https:\/\/incia.u-bordeaux.fr\/fr\/wp-json\/wp\/v2\/pages\/691","targetHints":{"allow":["GET"]}}],"collection":[{"href":"https:\/\/incia.u-bordeaux.fr\/fr\/wp-json\/wp\/v2\/pages"}],"about":[{"href":"https:\/\/incia.u-bordeaux.fr\/fr\/wp-json\/wp\/v2\/types\/page"}],"author":[{"embeddable":true,"href":"https:\/\/incia.u-bordeaux.fr\/fr\/wp-json\/wp\/v2\/users\/1"}],"replies":[{"embeddable":true,"href":"https:\/\/incia.u-bordeaux.fr\/fr\/wp-json\/wp\/v2\/comments?post=691"}],"version-history":[{"count":4,"href":"https:\/\/incia.u-bordeaux.fr\/fr\/wp-json\/wp\/v2\/pages\/691\/revisions"}],"predecessor-version":[{"id":1023,"href":"https:\/\/incia.u-bordeaux.fr\/fr\/wp-json\/wp\/v2\/pages\/691\/revisions\/1023"}],"up":[{"embeddable":true,"href":"https:\/\/incia.u-bordeaux.fr\/fr\/wp-json\/wp\/v2\/pages\/647"}],"wp:attachment":[{"href":"https:\/\/incia.u-bordeaux.fr\/fr\/wp-json\/wp\/v2\/media?parent=691"}],"curies":[{"name":"wp","href":"https:\/\/api.w.org\/{rel}","templated":true}]}}