{"id":692,"date":"2024-11-15T17:03:02","date_gmt":"2024-11-15T16:03:02","guid":{"rendered":"https:\/\/incia.onlinecreation.fr\/plateformes\/racin\/"},"modified":"2025-07-18T12:09:28","modified_gmt":"2025-07-18T10:09:28","slug":"racin","status":"publish","type":"page","link":"https:\/\/incia.u-bordeaux.fr\/fr\/plateformes\/racin\/","title":{"rendered":"RaCIN"},"content":{"rendered":"\n<p>La plateforme <strong>Radiochimie et Imagerie Nucl\u00e9aire translationnelle<\/strong> (<strong>RaciN<\/strong>) est un plateau technique d\u00e9di\u00e9 aux sciences radio-pharmaceutiques. Les radio-pharmaceutiques sont des mol\u00e9cules de diff\u00e9rentes tailles qui portent un atome radioactif dont le signal permet soit de visualiser en imagerie des processus soit de d\u00e9truire des cellules cibles (dans le cas de cancers par exemple). Au sein de la plate-forme, une expertise unique int\u00e9grant technologie, innovation, recherche et enseignements est mise \u00e0 disposition des acad\u00e9miques et industriels. La th\u00e9matique radio-pharmaceutique est ainsi valoris\u00e9e dans toute sa globalit\u00e9 par une approche multidisciplinaire associant recherche, innovation et enseignement\/formation. Une sp\u00e9cificit\u00e9 de cette plate-forme est \u00e9galement la translation facilit\u00e9e de radio-pharmaceutiques prometteurs vers des essais cliniques au CHU de Bordeaux ainsi qu\u2019une mise \u00e0 disposition ais\u00e9e des tissus de patients d\u00e9tenus au CRB du CHU de Bordeaux.<\/p>\n\n\n\n<p>Plus sp\u00e9cifiquement, l\u2019expertise de la plateforme est relative \u00e0 :<br>\u2022&nbsp;&nbsp;&nbsp;&nbsp;&nbsp;&nbsp;&nbsp;&nbsp;&nbsp;&nbsp;&nbsp; Mise au point de radio-marquages et contr\u00f4les qualit\u00e9 de biomol\u00e9cules d\u2019int\u00e9r\u00eats par radio-isotopes pour l\u2019imagerie et\/ou la th\u00e9rapie<br>\u2022&nbsp;&nbsp;&nbsp;&nbsp;&nbsp;&nbsp;&nbsp;&nbsp;&nbsp;&nbsp;&nbsp; Recherche de cibles mol\u00e9culaires sur \u00e9chantillons (humains\/patients et rongeurs) par micro-imagerie tissulaire sur cohortes d\u2019\u00e9chantillons (prospectifs et r\u00e9trospectifs). Dans le cas o\u00f9 des \u00e9chantillons humains\/patients du CHU de Bordeaux seront utilis\u00e9s, nous aurons la possibilit\u00e9 de r\u00e9aliser une association avec les donn\u00e9es cliniques du CHU de Bordeaux<br>\u2022&nbsp;&nbsp;&nbsp;&nbsp;&nbsp;&nbsp;&nbsp;&nbsp;&nbsp;&nbsp;&nbsp; Caract\u00e9risation in vitro (affinit\u00e9, s\u00e9lectivit\u00e9, internalisation, stabilit\u00e9, efflux, coefficient de partage, etc) sur cellules monocouches et sph\u00e9ro\u00efdes de radio-pharmaceutiques<br>\u2022&nbsp;&nbsp;&nbsp;&nbsp;&nbsp;&nbsp;&nbsp;&nbsp;&nbsp;&nbsp;&nbsp; \u00c9tudes de l\u2019efficacit\u00e9 th\u00e9rapeutique in vitro (cytotoxicit\u00e9, viabilit\u00e9, induction apoptose, survie) et in vivo de radio-pharmaceutiques<br>\u2022&nbsp;&nbsp;&nbsp;&nbsp;&nbsp;&nbsp;&nbsp;&nbsp;&nbsp;&nbsp;&nbsp; \u00c9tude in vivo par imagerie monophotonique (SPECT\/CT) et bio-distribution post-mortem<br>\u2022&nbsp;&nbsp;&nbsp;&nbsp;&nbsp;&nbsp;&nbsp;&nbsp;&nbsp;&nbsp;&nbsp; Analyse visuelle et quantitative des images (Post-traitement du signal nucl\u00e9aire, mesure de la fixation m\u00e9tabolique dans les organes par analyse r\u00e9gionale, calcul des courbes d\u2019activit\u00e9 temporelle puis mod\u00e9lisation pharmacocin\u00e9tique pour les acquisitions dynamiques)<br>\u2022&nbsp;&nbsp;&nbsp;&nbsp;&nbsp;&nbsp;&nbsp;&nbsp;&nbsp;&nbsp;&nbsp; Formation initiale et continue (M2, doctorat, post-doc, profils m\u00e9dicaux hospitalo-universitaires) pour d\u00e9velopper les techniques et connaissances en lien avec les radio-pharmaceutiques<br>\u2022&nbsp;&nbsp;&nbsp;&nbsp;&nbsp;&nbsp;&nbsp;&nbsp;&nbsp;&nbsp;&nbsp; Faciliter l\u2019acc\u00e8s aux essais cliniques du CHU de Bordeaux<\/p>\n\n\n\n<figure class=\"wp-block-image size-large\"><img loading=\"lazy\" decoding=\"async\" width=\"1024\" height=\"305\" src=\"https:\/\/incia-prod.onlinecreation.pro\/wp-content\/uploads\/sites\/3\/2025\/07\/image-4-1024x305.png\" alt=\"\" class=\"wp-image-1451\" srcset=\"https:\/\/incia.u-bordeaux.fr\/wp-content\/uploads\/sites\/3\/2025\/07\/image-4-1024x305.png 1024w, https:\/\/incia.u-bordeaux.fr\/wp-content\/uploads\/sites\/3\/2025\/07\/image-4-300x89.png 300w, https:\/\/incia.u-bordeaux.fr\/wp-content\/uploads\/sites\/3\/2025\/07\/image-4-768x229.png 768w, https:\/\/incia.u-bordeaux.fr\/wp-content\/uploads\/sites\/3\/2025\/07\/image-4-1536x457.png 1536w, https:\/\/incia.u-bordeaux.fr\/wp-content\/uploads\/sites\/3\/2025\/07\/image-4.png 1757w\" sizes=\"auto, (max-width: 1024px) 100vw, 1024px\" \/><\/figure>\n\n\n\n<p>Les travaux r\u00e9alis\u00e9s peuvent \u00eatre mis en place dans le cadre de collaboration ou de prestation.<\/p>\n\n\n\n<hr class=\"wp-block-separator has-alpha-channel-opacity\"\/>\n\n\n\n<p><strong>Direction scientifique<\/strong>&nbsp;: Cl\u00e9ment Morgat<br><strong>Direction op\u00e9rationnelle<\/strong>&nbsp;: Cl\u00e9ment Morgat, Fr\u00e9d\u00e9ric Lamare, Lina Ali<\/p>\n\n\n\n<p><a id=\"_msocom_1\"><\/a><\/p>\n\n\n\n<p><\/p>\n","protected":false},"excerpt":{"rendered":"<p>La plateforme Radiochimie et Imagerie Nucl\u00e9aire translationnelle (RaciN) est un plateau technique d\u00e9di\u00e9 aux sciences radio-pharmaceutiques. Les radio-pharmaceutiques sont des [&hellip;]<\/p>\n","protected":false},"author":1,"featured_media":0,"parent":652,"menu_order":0,"comment_status":"closed","ping_status":"closed","template":"","meta":{"footnotes":""},"class_list":["post-692","page","type-page","status-publish","hentry"],"_links":{"self":[{"href":"https:\/\/incia.u-bordeaux.fr\/fr\/wp-json\/wp\/v2\/pages\/692","targetHints":{"allow":["GET"]}}],"collection":[{"href":"https:\/\/incia.u-bordeaux.fr\/fr\/wp-json\/wp\/v2\/pages"}],"about":[{"href":"https:\/\/incia.u-bordeaux.fr\/fr\/wp-json\/wp\/v2\/types\/page"}],"author":[{"embeddable":true,"href":"https:\/\/incia.u-bordeaux.fr\/fr\/wp-json\/wp\/v2\/users\/1"}],"replies":[{"embeddable":true,"href":"https:\/\/incia.u-bordeaux.fr\/fr\/wp-json\/wp\/v2\/comments?post=692"}],"version-history":[{"count":6,"href":"https:\/\/incia.u-bordeaux.fr\/fr\/wp-json\/wp\/v2\/pages\/692\/revisions"}],"predecessor-version":[{"id":1454,"href":"https:\/\/incia.u-bordeaux.fr\/fr\/wp-json\/wp\/v2\/pages\/692\/revisions\/1454"}],"up":[{"embeddable":true,"href":"https:\/\/incia.u-bordeaux.fr\/fr\/wp-json\/wp\/v2\/pages\/652"}],"wp:attachment":[{"href":"https:\/\/incia.u-bordeaux.fr\/fr\/wp-json\/wp\/v2\/media?parent=692"}],"curies":[{"name":"wp","href":"https:\/\/api.w.org\/{rel}","templated":true}]}}