{"id":998,"date":"2025-02-11T13:33:17","date_gmt":"2025-02-11T12:33:17","guid":{"rendered":"https:\/\/incia-prod.onlinecreation.pro\/plateau-technique-biochimie\/"},"modified":"2025-07-16T10:22:13","modified_gmt":"2025-07-16T08:22:13","slug":"plateau-technique-biochimie","status":"publish","type":"page","link":"https:\/\/incia.u-bordeaux.fr\/fr\/quest-ce-que-lincia\/plateaux-techniques\/plateau-technique-biochimie\/","title":{"rendered":"Biochimie, Biologie Mol\u00e9culaire"},"content":{"rendered":"<div class=\"wp-block-image\">\n<figure class=\"alignright size-large is-resized\"><img loading=\"lazy\" decoding=\"async\" width=\"1024\" height=\"768\" src=\"https:\/\/incia-prod.onlinecreation.pro\/wp-content\/uploads\/sites\/3\/2025\/02\/image1-1024x768.jpeg\" alt=\"\" class=\"wp-image-994\" style=\"width:386px;height:auto\" srcset=\"https:\/\/incia.u-bordeaux.fr\/wp-content\/uploads\/sites\/3\/2025\/02\/image1-1024x768.jpeg 1024w, https:\/\/incia.u-bordeaux.fr\/wp-content\/uploads\/sites\/3\/2025\/02\/image1-300x225.jpeg 300w, https:\/\/incia.u-bordeaux.fr\/wp-content\/uploads\/sites\/3\/2025\/02\/image1-768x576.jpeg 768w, https:\/\/incia.u-bordeaux.fr\/wp-content\/uploads\/sites\/3\/2025\/02\/image1.jpeg 1386w\" sizes=\"auto, (max-width: 1024px) 100vw, 1024px\" \/><\/figure><\/div>\n\n\n<p><strong>Responsable du Plateau Technique : <\/strong><br>William Cazenave<br>+33 (0)5-57-57-95-14<\/p>\n\n\n\n<p>Le plateau technique de Biochimie et Biologie Mol\u00e9culaire est situ\u00e9 pi\u00e8ce S 2113 au R+2 du BBS. Il divis\u00e9 en deux parties : une partie biochimie et une partie biologie mol\u00e9culaire. Une quinzaine de personnes y travaillent r\u00e9guli\u00e8rement.<br><strong>La biochimie<\/strong> est la plus repr\u00e9sent\u00e9e en termes de superficie, de mat\u00e9riels et d\u2019utilisateurs.<br>La technique de Western Blot, qui permet la d\u00e9tection et l\u2019identification hautement sp\u00e9cifique de prot\u00e9ines dans un \u00e9chantillon, est utilis\u00e9e en routine. Nous pratiquons ainsi l\u2019extraction de prot\u00e9ines sur diff\u00e9rents mod\u00e8les et tissus, le dosage et la migration des prot\u00e9ines, l\u2019activation de gels, le transfert sur membrane, la visualisation de prot\u00e9ines totales et des prot\u00e9ines d\u2019int\u00e9r\u00eats et enfin la quantification des \u00e9chantillons.<br>Nous faisons aussi la mesure de la croissance des levures dans diff\u00e9rentes conditions de culture.<br>Des ELISA sont \u00e9galement r\u00e9alis\u00e9s sur le plateau technique. Le principe de cette technique repose sur la visualisation d&rsquo;une r\u00e9action antig\u00e8ne-anticorps gr\u00e2ce \u00e0 une r\u00e9action enzymatique colorim\u00e9trique.<br>Les appareils les plus cons\u00e9quents sont les ChemiDoc MP (r\u00e9v\u00e9lation par chemiluminescence) et un odyssey (r\u00e9v\u00e9lation par fluorescence).<br><strong>En biologie mol\u00e9culaire<\/strong> nous r\u00e9alisons des extractions d\u2019ADN et d\u2019ARN sur diff\u00e9rents mod\u00e8les (cellules humaines, cellules murines ou sur levures).<br>Un Nanodrop permet le dosage de l\u2019ADN, ARN et prot\u00e9ines. Le plateau dispose \u00e9galement d\u2019un thermocycleur en temps r\u00e9el afin de r\u00e9aliser des RT-PCR et des PCR quantitatives pour l\u2019\u00e9tude de l\u2019expression des g\u00e8nes.<br>Le plateau est \u00e9quip\u00e9 de thermocycleurs afin de r\u00e9aliser des PCR pour du clonage de g\u00e8ne, pour du s\u00e9quen\u00e7age de variants g\u00e9n\u00e9tiques \u00e0 partir d\u2019ADN humain, de levure ou plasmidique, et pour de la mutag\u00e9n\u00e8se dirig\u00e9e sur ADN plasmidique.<\/p>\n\n\n\n<figure class=\"wp-block-gallery has-nested-images columns-default is-cropped wp-block-gallery-1 is-layout-flex wp-block-gallery-is-layout-flex\">\n<figure class=\"wp-block-image size-large\"><img loading=\"lazy\" decoding=\"async\" width=\"594\" height=\"465\" data-id=\"990\" src=\"https:\/\/incia-prod.onlinecreation.pro\/wp-content\/uploads\/sites\/3\/2025\/02\/image2.jpeg\" alt=\"\" class=\"wp-image-990\" srcset=\"https:\/\/incia.u-bordeaux.fr\/wp-content\/uploads\/sites\/3\/2025\/02\/image2.jpeg 594w, https:\/\/incia.u-bordeaux.fr\/wp-content\/uploads\/sites\/3\/2025\/02\/image2-300x235.jpeg 300w\" sizes=\"auto, (max-width: 594px) 100vw, 594px\" \/><\/figure>\n\n\n\n<figure class=\"wp-block-image size-large\"><img loading=\"lazy\" decoding=\"async\" width=\"589\" height=\"470\" data-id=\"992\" src=\"https:\/\/incia-prod.onlinecreation.pro\/wp-content\/uploads\/sites\/3\/2025\/02\/image3.jpeg\" alt=\"\" class=\"wp-image-992\" srcset=\"https:\/\/incia.u-bordeaux.fr\/wp-content\/uploads\/sites\/3\/2025\/02\/image3.jpeg 589w, https:\/\/incia.u-bordeaux.fr\/wp-content\/uploads\/sites\/3\/2025\/02\/image3-300x239.jpeg 300w\" sizes=\"auto, (max-width: 589px) 100vw, 589px\" \/><\/figure>\n<\/figure>\n","protected":false},"excerpt":{"rendered":"<p>Responsable du Plateau Technique : William Cazenave+33 (0)5-57-57-95-14 Le plateau technique de Biochimie et Biologie Mol\u00e9culaire est situ\u00e9 pi\u00e8ce S [&hellip;]<\/p>\n","protected":false},"author":1,"featured_media":995,"parent":647,"menu_order":0,"comment_status":"closed","ping_status":"closed","template":"","meta":{"footnotes":""},"class_list":["post-998","page","type-page","status-publish","has-post-thumbnail","hentry"],"_links":{"self":[{"href":"https:\/\/incia.u-bordeaux.fr\/fr\/wp-json\/wp\/v2\/pages\/998","targetHints":{"allow":["GET"]}}],"collection":[{"href":"https:\/\/incia.u-bordeaux.fr\/fr\/wp-json\/wp\/v2\/pages"}],"about":[{"href":"https:\/\/incia.u-bordeaux.fr\/fr\/wp-json\/wp\/v2\/types\/page"}],"author":[{"embeddable":true,"href":"https:\/\/incia.u-bordeaux.fr\/fr\/wp-json\/wp\/v2\/users\/1"}],"replies":[{"embeddable":true,"href":"https:\/\/incia.u-bordeaux.fr\/fr\/wp-json\/wp\/v2\/comments?post=998"}],"version-history":[{"count":5,"href":"https:\/\/incia.u-bordeaux.fr\/fr\/wp-json\/wp\/v2\/pages\/998\/revisions"}],"predecessor-version":[{"id":1399,"href":"https:\/\/incia.u-bordeaux.fr\/fr\/wp-json\/wp\/v2\/pages\/998\/revisions\/1399"}],"up":[{"embeddable":true,"href":"https:\/\/incia.u-bordeaux.fr\/fr\/wp-json\/wp\/v2\/pages\/647"}],"wp:featuredmedia":[{"embeddable":true,"href":"https:\/\/incia.u-bordeaux.fr\/fr\/wp-json\/wp\/v2\/media\/995"}],"wp:attachment":[{"href":"https:\/\/incia.u-bordeaux.fr\/fr\/wp-json\/wp\/v2\/media?parent=998"}],"curies":[{"name":"wp","href":"https:\/\/api.w.org\/{rel}","templated":true}]}}